{"id":65,"date":"2024-04-10T07:36:31","date_gmt":"2024-04-10T07:36:31","guid":{"rendered":"http:\/\/simonaweber.com\/?page_id=65"},"modified":"2024-04-18T20:13:48","modified_gmt":"2024-04-18T18:13:48","slug":"mentorstvo","status":"publish","type":"page","link":"https:\/\/simonaweber.com\/en\/mentorstvo\/","title":{"rendered":"mentoring"},"content":{"rendered":"<div data-elementor-type=\"wp-page\" data-elementor-id=\"65\" class=\"elementor elementor-65\" data-elementor-post-type=\"page\">\n\t\t\t\t<div class=\"elementor-element elementor-element-7f6b809 e-flex e-con-boxed e-con e-parent\" data-id=\"7f6b809\" data-element_type=\"container\" data-e-type=\"container\">\n\t\t\t\t\t<div class=\"e-con-inner\">\n\t\t<div class=\"elementor-element elementor-element-44be602 e-flex e-con-boxed e-con e-child\" data-id=\"44be602\" data-element_type=\"container\" data-e-type=\"container\">\n\t\t\t\t\t<div class=\"e-con-inner\">\n\t\t\t\t<div class=\"elementor-element elementor-element-f3bbb1d elementor-widget elementor-widget-image\" data-id=\"f3bbb1d\" data-element_type=\"widget\" data-e-type=\"widget\" data-widget_type=\"image.default\">\n\t\t\t\t<div class=\"elementor-widget-container\">\n\t\t\t\t\t\t\t\t\t\t\t\t\t\t\t<img fetchpriority=\"high\" decoding=\"async\" width=\"800\" height=\"613\" src=\"https:\/\/simonaweber.com\/wp-content\/uploads\/2024\/04\/mentoring-1024x784.jpg\" class=\"attachment-large size-large wp-image-67\" alt=\"\" srcset=\"https:\/\/simonaweber.com\/wp-content\/uploads\/2024\/04\/mentoring-1024x784.jpg 1024w, https:\/\/simonaweber.com\/wp-content\/uploads\/2024\/04\/mentoring-300x230.jpg 300w, https:\/\/simonaweber.com\/wp-content\/uploads\/2024\/04\/mentoring-768x588.jpg 768w, https:\/\/simonaweber.com\/wp-content\/uploads\/2024\/04\/mentoring.jpg 1400w\" sizes=\"(max-width: 800px) 100vw, 800px\" \/>\t\t\t\t\t\t\t\t\t\t\t\t\t\t\t<\/div>\n\t\t\t\t<\/div>\n\t\t\t\t\t<\/div>\n\t\t\t\t<\/div>\n\t\t<div class=\"elementor-element elementor-element-ee03594 e-flex e-con-boxed e-con e-child\" data-id=\"ee03594\" data-element_type=\"container\" data-e-type=\"container\">\n\t\t\t\t\t<div class=\"e-con-inner\">\n\t\t\t\t<div class=\"elementor-element elementor-element-e9cb74e elementor-widget elementor-widget-heading\" data-id=\"e9cb74e\" data-element_type=\"widget\" data-e-type=\"widget\" data-widget_type=\"heading.default\">\n\t\t\t\t<div class=\"elementor-widget-container\">\n\t\t\t\t\t<h2 class=\"elementor-heading-title elementor-size-default\">What is it that builds an architect?<\/h2>\t\t\t\t<\/div>\n\t\t\t\t<\/div>\n\t\t\t\t<div class=\"elementor-element elementor-element-5756ae6 elementor-widget elementor-widget-text-editor\" data-id=\"5756ae6\" data-element_type=\"widget\" data-e-type=\"widget\" data-widget_type=\"text-editor.default\">\n\t\t\t\t<div class=\"elementor-widget-container\">\n\t\t\t\t\t\t\t\t\t<p>Any skilled occupation or profession is built, consciously or unconsciously, formally or informally, around mentoring. Knowledge has to be passed from generation to generation: from master to novice. In architecture, we all have mentors, some assigned to us, and others who have just wandered into our lives and made a meaningful contribution to our growth as architects.\u00a0<\/p><p>The mentors' practice plays a crucial role in helping interns transition from university to professional practice by imparting practical knowledge, sharing experiences, and confronting them with the realities of the industry.<\/p>\t\t\t\t\t\t\t\t<\/div>\n\t\t\t\t<\/div>\n\t\t\t\t\t<\/div>\n\t\t\t\t<\/div>\n\t\t\t\t\t<\/div>\n\t\t\t\t<\/div>\n\t\t\t\t<\/div>","protected":false},"excerpt":{"rendered":"<p>Kaj zgradi arhitekta? Vsak profesionalni poklic ali stroka sta zgrajena, bodisi zavestno ali nezavedno, formalno ali neformalno, okrog mentorstva. Znanje se mora prena\u0161ati iz generacije na generacijo; iz mojstra na vajenca. V arhitekturi imamo vsi mentorje, nekateri so nam dodeljeni, drugi pa se preprosto kar pojavijo v na\u0161em \u017eivljenju in tako prispevajo k na\u0161i rasti [&hellip;]<\/p>\n","protected":false},"author":1,"featured_media":0,"parent":0,"menu_order":0,"comment_status":"closed","ping_status":"closed","template":"","meta":{"_acf_changed":false,"footnotes":""},"class_list":["post-65","page","type-page","status-publish","hentry"],"acf":[],"_links":{"self":[{"href":"https:\/\/simonaweber.com\/en\/wp-json\/wp\/v2\/pages\/65","targetHints":{"allow":["GET"]}}],"collection":[{"href":"https:\/\/simonaweber.com\/en\/wp-json\/wp\/v2\/pages"}],"about":[{"href":"https:\/\/simonaweber.com\/en\/wp-json\/wp\/v2\/types\/page"}],"author":[{"embeddable":true,"href":"https:\/\/simonaweber.com\/en\/wp-json\/wp\/v2\/users\/1"}],"replies":[{"embeddable":true,"href":"https:\/\/simonaweber.com\/en\/wp-json\/wp\/v2\/comments?post=65"}],"version-history":[{"count":34,"href":"https:\/\/simonaweber.com\/en\/wp-json\/wp\/v2\/pages\/65\/revisions"}],"predecessor-version":[{"id":962,"href":"https:\/\/simonaweber.com\/en\/wp-json\/wp\/v2\/pages\/65\/revisions\/962"}],"wp:attachment":[{"href":"https:\/\/simonaweber.com\/en\/wp-json\/wp\/v2\/media?parent=65"}],"curies":[{"name":"wp","href":"https:\/\/api.w.org\/{rel}","templated":true}]}}