{"id":55,"date":"2024-04-10T07:30:12","date_gmt":"2024-04-10T07:30:12","guid":{"rendered":"http:\/\/simonaweber.com\/?page_id=55"},"modified":"2024-04-18T15:27:22","modified_gmt":"2024-04-18T13:27:22","slug":"o-meni","status":"publish","type":"page","link":"https:\/\/simonaweber.com\/en\/o-meni\/","title":{"rendered":"about"},"content":{"rendered":"<div data-elementor-type=\"wp-page\" data-elementor-id=\"55\" class=\"elementor elementor-55\" data-elementor-post-type=\"page\">\n\t\t\t\t<div class=\"elementor-element elementor-element-e317e97 e-flex e-con-boxed e-con e-parent\" data-id=\"e317e97\" data-element_type=\"container\" data-e-type=\"container\">\n\t\t\t\t\t<div class=\"e-con-inner\">\n\t\t<div class=\"elementor-element elementor-element-f4e352e e-flex e-con-boxed e-con e-child\" data-id=\"f4e352e\" data-element_type=\"container\" data-e-type=\"container\">\n\t\t\t\t\t<div class=\"e-con-inner\">\n\t\t\t\t<div class=\"elementor-element elementor-element-a23cd71 elementor-widget elementor-widget-image\" data-id=\"a23cd71\" data-element_type=\"widget\" data-e-type=\"widget\" data-widget_type=\"image.default\">\n\t\t\t\t<div class=\"elementor-widget-container\">\n\t\t\t\t\t\t\t\t\t\t\t\t\t\t\t<img fetchpriority=\"high\" decoding=\"async\" width=\"800\" height=\"838\" src=\"https:\/\/simonaweber.com\/wp-content\/uploads\/2024\/04\/Simona-1-978x1024.webp\" class=\"attachment-large size-large wp-image-634\" alt=\"\" srcset=\"https:\/\/simonaweber.com\/wp-content\/uploads\/2024\/04\/Simona-1-978x1024.webp 978w, https:\/\/simonaweber.com\/wp-content\/uploads\/2024\/04\/Simona-1-287x300.webp 287w, https:\/\/simonaweber.com\/wp-content\/uploads\/2024\/04\/Simona-1-768x804.webp 768w, https:\/\/simonaweber.com\/wp-content\/uploads\/2024\/04\/Simona-1-1467x1536.webp 1467w, https:\/\/simonaweber.com\/wp-content\/uploads\/2024\/04\/Simona-1-1957x2048.webp 1957w, https:\/\/simonaweber.com\/wp-content\/uploads\/2024\/04\/Simona-1-11x12.webp 11w\" sizes=\"(max-width: 800px) 100vw, 800px\" \/>\t\t\t\t\t\t\t\t\t\t\t\t\t\t\t<\/div>\n\t\t\t\t<\/div>\n\t\t\t\t\t<\/div>\n\t\t\t\t<\/div>\n\t\t<div class=\"elementor-element elementor-element-7b3bc3b e-flex e-con-boxed e-con e-child\" data-id=\"7b3bc3b\" data-element_type=\"container\" data-e-type=\"container\">\n\t\t\t\t\t<div class=\"e-con-inner\">\n\t\t\t\t<div class=\"elementor-element elementor-element-0017465 elementor-widget elementor-widget-heading\" data-id=\"0017465\" data-element_type=\"widget\" data-e-type=\"widget\" data-widget_type=\"heading.default\">\n\t\t\t\t<div class=\"elementor-widget-container\">\n\t\t\t\t\t<h2 class=\"elementor-heading-title elementor-size-default\">Simona Weber<\/h2>\t\t\t\t<\/div>\n\t\t\t\t<\/div>\n\t\t\t\t<div class=\"elementor-element elementor-element-da98389 elementor-widget elementor-widget-text-editor\" data-id=\"da98389\" data-element_type=\"widget\" data-e-type=\"widget\" data-widget_type=\"text-editor.default\">\n\t\t\t\t<div class=\"elementor-widget-container\">\n\t\t\t\t\t\t\t\t\t<p>Architect<\/p>\n<p>Born in 1973 in Ljubljana, she graduated from the Faculty of Architecture in Ljubljana and obtained a master's degree in industrial design from Centro Ricerche Istituto Europeo di Design in Milan, Italy. At the beginning of her career, she lived in Italy and the United States, which led her to pursue an independent creative path. In 2004, she founded her office Tookie d.o.o. in Ljubljana, focusing on architecture, design, building renovations, urban planning, real estate development, supervision, and mentoring. She approaches architecture and design in a balanced and sustainable manner, using sustainable materials, and modular construction, considering the life cycle of buildings, from cradle to cradle.<\/p>\t\t\t\t\t\t\t\t<\/div>\n\t\t\t\t<\/div>\n\t\t\t\t\t<\/div>\n\t\t\t\t<\/div>\n\t\t\t\t\t<\/div>\n\t\t\t\t<\/div>\n\t\t\t\t<\/div>","protected":false},"excerpt":{"rendered":"<p>Simona Weber Arhitektka Rojena 1973 v Ljubljani, je diplomirala na Ljubljanski Fakulteti za arhitekturo ter magistrirala v Italiji, iz podro\u010dja industrijskega oblikovanja, na Centro Ricerche Istituto Europeo di Design v Milanu. Na za\u010detku svoje poklicne poti je \u017eivela v Italiji in v ZDA, ki jo je popeljala na samostojno avtorsko pot tako, da je leta [&hellip;]<\/p>\n","protected":false},"author":1,"featured_media":0,"parent":0,"menu_order":0,"comment_status":"closed","ping_status":"closed","template":"","meta":{"_acf_changed":false,"footnotes":""},"class_list":["post-55","page","type-page","status-publish","hentry"],"acf":[],"_links":{"self":[{"href":"https:\/\/simonaweber.com\/en\/wp-json\/wp\/v2\/pages\/55","targetHints":{"allow":["GET"]}}],"collection":[{"href":"https:\/\/simonaweber.com\/en\/wp-json\/wp\/v2\/pages"}],"about":[{"href":"https:\/\/simonaweber.com\/en\/wp-json\/wp\/v2\/types\/page"}],"author":[{"embeddable":true,"href":"https:\/\/simonaweber.com\/en\/wp-json\/wp\/v2\/users\/1"}],"replies":[{"embeddable":true,"href":"https:\/\/simonaweber.com\/en\/wp-json\/wp\/v2\/comments?post=55"}],"version-history":[{"count":46,"href":"https:\/\/simonaweber.com\/en\/wp-json\/wp\/v2\/pages\/55\/revisions"}],"predecessor-version":[{"id":956,"href":"https:\/\/simonaweber.com\/en\/wp-json\/wp\/v2\/pages\/55\/revisions\/956"}],"wp:attachment":[{"href":"https:\/\/simonaweber.com\/en\/wp-json\/wp\/v2\/media?parent=55"}],"curies":[{"name":"wp","href":"https:\/\/api.w.org\/{rel}","templated":true}]}}