{"id":100,"date":"2024-04-10T07:57:21","date_gmt":"2024-04-10T07:57:21","guid":{"rendered":"http:\/\/simonaweber.com\/?page_id=100"},"modified":"2024-04-22T09:02:33","modified_gmt":"2024-04-22T07:02:33","slug":"projekti","status":"publish","type":"page","link":"https:\/\/simonaweber.com\/en\/projekti\/","title":{"rendered":"Projects"},"content":{"rendered":"\t\t<div data-elementor-type=\"wp-page\" data-elementor-id=\"100\" class=\"elementor elementor-100\" data-elementor-post-type=\"page\">\n\t\t\t\t<div class=\"elementor-element elementor-element-f474516 e-con-full e-flex e-con e-parent\" data-id=\"f474516\" data-element_type=\"container\" data-e-type=\"container\">\n\t\t\t\t<div class=\"elementor-element elementor-element-1a75d70 elementor-grid-1 elementor-grid-tablet-2 elementor-grid-mobile-1 elementor-widget elementor-widget-loop-grid\" data-id=\"1a75d70\" data-element_type=\"widget\" data-e-type=\"widget\" data-settings=\"{&quot;template_id&quot;:455,&quot;columns&quot;:1,&quot;pagination_type&quot;:&quot;load_more_infinite_scroll&quot;,&quot;row_gap&quot;:{&quot;unit&quot;:&quot;px&quot;,&quot;size&quot;:100,&quot;sizes&quot;:[]},&quot;load_more_spinner&quot;:{&quot;value&quot;:&quot;&quot;,&quot;library&quot;:&quot;&quot;},&quot;_skin&quot;:&quot;post&quot;,&quot;columns_tablet&quot;:&quot;2&quot;,&quot;columns_mobile&quot;:&quot;1&quot;,&quot;edit_handle_selector&quot;:&quot;[data-elementor-type=\\&quot;loop-item\\&quot;]&quot;,&quot;row_gap_tablet&quot;:{&quot;unit&quot;:&quot;px&quot;,&quot;size&quot;:&quot;&quot;,&quot;sizes&quot;:[]},&quot;row_gap_mobile&quot;:{&quot;unit&quot;:&quot;px&quot;,&quot;size&quot;:&quot;&quot;,&quot;sizes&quot;:[]}}\" data-widget_type=\"loop-grid.post\">\n\t\t\t\t<div class=\"elementor-widget-container\">\n\t\t\t\t\t\t\t<div class=\"elementor-loop-container elementor-grid\" role=\"list\">\n\t\t<style id=\"loop-455\">.elementor-455 .elementor-element.elementor-element-9df3b82{--display:flex;--gap:0px 0px;--row-gap:0px;--column-gap:0px;--margin-top:0px;--margin-bottom:0px;--margin-left:0px;--margin-right:0px;--padding-top:0px;--padding-bottom:0px;--padding-left:0px;--padding-right:0px;}.elementor-455 .elementor-element.elementor-element-9b94b62{--display:flex;--gap:30px 30px;--row-gap:30px;--column-gap:30px;--margin-top:04em;--margin-bottom:0em;--margin-left:0em;--margin-right:0em;}.elementor-455 .elementor-element.elementor-element-92ad03d{--display:flex;--gap:10px 10px;--row-gap:10px;--column-gap:10px;--padding-top:0px;--padding-bottom:0px;--padding-left:0px;--padding-right:0px;}.elementor-widget-theme-post-title .elementor-heading-title{font-family:var( --e-global-typography-primary-font-family ), Sans-serif;font-weight:var( --e-global-typography-primary-font-weight );color:var( --e-global-color-primary );}.elementor-455 .elementor-element.elementor-element-cd35277 .elementor-heading-title{font-family:\"Space Grotesk\", Sans-serif;font-size:41px;font-weight:normal;}.elementor-455 .elementor-element.elementor-element-cd35277 > .elementor-widget-container{margin:0em 0em 0em 0em;}.elementor-455 .elementor-element.elementor-element-2f04eee{--display:flex;--flex-direction:row;--container-widget-width:initial;--container-widget-height:100%;--container-widget-flex-grow:1;--container-widget-align-self:stretch;--flex-wrap-mobile:wrap;--gap:20px 50px;--row-gap:20px;--column-gap:50px;--margin-top:0px;--margin-bottom:0px;--margin-left:0px;--margin-right:0px;--padding-top:0px;--padding-bottom:0px;--padding-left:0px;--padding-right:0px;}.elementor-455 .elementor-element.elementor-element-679cb90{--display:flex;--gap:20px 20px;--row-gap:20px;--column-gap:20px;--margin-top:0px;--margin-bottom:0px;--margin-left:0px;--margin-right:0px;--padding-top:0px;--padding-bottom:0px;--padding-left:0px;--padding-right:0px;}.elementor-widget-theme-post-content{color:var( --e-global-color-text );font-family:var( --e-global-typography-text-font-family ), Sans-serif;font-weight:var( --e-global-typography-text-font-weight );}.elementor-455 .elementor-element.elementor-element-eb28af4{font-family:\"Space Grotesk\", Sans-serif;font-weight:400;}.elementor-455 .elementor-element.elementor-element-d967f8f{--display:flex;--margin-top:0px;--margin-bottom:0px;--margin-left:0px;--margin-right:0px;--padding-top:0px;--padding-bottom:0px;--padding-left:0px;--padding-right:0px;}.elementor-widget-text-editor{font-family:var( --e-global-typography-text-font-family ), Sans-serif;font-weight:var( --e-global-typography-text-font-weight );color:var( --e-global-color-text );}.elementor-widget-text-editor.elementor-drop-cap-view-stacked .elementor-drop-cap{background-color:var( --e-global-color-primary );}.elementor-widget-text-editor.elementor-drop-cap-view-framed .elementor-drop-cap, .elementor-widget-text-editor.elementor-drop-cap-view-default .elementor-drop-cap{color:var( --e-global-color-primary );border-color:var( --e-global-color-primary );}.elementor-455 .elementor-element.elementor-element-bd74565{column-gap:0px;}.elementor-455 .elementor-element.elementor-element-7acb7b9{--display:flex;--flex-direction:column;--container-widget-width:100%;--container-widget-height:initial;--container-widget-flex-grow:0;--container-widget-align-self:initial;--flex-wrap-mobile:wrap;}.elementor-455 .elementor-element.elementor-element-0c9f14d .elementor-wrapper{--video-aspect-ratio:1.77777;}@media(max-width:767px){.elementor-455 .elementor-element.elementor-element-9b94b62{--gap:20px 20px;--row-gap:20px;--column-gap:20px;--margin-top:4em;--margin-bottom:0em;--margin-left:0em;--margin-right:0em;}.elementor-455 .elementor-element.elementor-element-92ad03d{--padding-top:0px;--padding-bottom:0px;--padding-left:0px;--padding-right:0px;}}\/* Start custom CSS for theme-post-content, class: .elementor-element-eb28af4 *\/.project-text-toggle { max-height: 162px;overflow: hidden;}\/* End custom CSS *\/\n\/* Start custom CSS for html, class: .elementor-element-ffef87f *\/.project-more { border:0; margin:0;padding:0; color:#000}\nbutton.btn-project:hover, button.btn-project:focus {\n    background-color: transparent !important;\n    outline: none;\n}\/* End custom CSS *\/<\/style>\t\t<div data-elementor-type=\"loop-item\" data-elementor-id=\"455\" class=\"elementor elementor-455 e-loop-item e-loop-item-95 post-95 projekt type-projekt status-publish has-post-thumbnail hentry category-arhitektura\" data-elementor-post-type=\"elementor_library\" data-custom-edit-handle=\"1\">\n\t\t\t<div class=\"elementor-element elementor-element-9df3b82 e-con-full e-flex e-con e-parent\" data-id=\"9df3b82\" data-element_type=\"container\" data-e-type=\"container\">\n\t\t\t\t<div class=\"elementor-element elementor-element-d5a2912 elementor-widget elementor-widget-acf_gallery_carousel\" data-id=\"d5a2912\" data-element_type=\"widget\" data-e-type=\"widget\" data-widget_type=\"acf_gallery_carousel.default\">\n\t\t\t\t<div class=\"elementor-widget-container\">\n\t\t\t\t\t<div id=\"carousel\" class=\"carousel\"><div class=\"carousel-slides\"><div class=\"carousel-slide\"><img decoding=\"async\" width=\"400\" src=\"https:\/\/simonaweber.com\/wp-content\/uploads\/2026\/04\/fluidmaster_8-scaled.avif\" alt=\"\"><\/div><div class=\"carousel-slide\"><img decoding=\"async\" width=\"400\" src=\"https:\/\/simonaweber.com\/wp-content\/uploads\/2026\/04\/fluidmaster_9-scaled.avif\" alt=\"\"><\/div><div class=\"carousel-slide\"><img decoding=\"async\" width=\"400\" src=\"https:\/\/simonaweber.com\/wp-content\/uploads\/2026\/04\/fluidmaster_1-scaled.avif\" alt=\"\"><\/div><div class=\"carousel-slide\"><img decoding=\"async\" width=\"400\" src=\"https:\/\/simonaweber.com\/wp-content\/uploads\/2026\/04\/fluidmaster_2-scaled.avif\" alt=\"\"><\/div><div class=\"carousel-slide\"><img decoding=\"async\" width=\"400\" src=\"https:\/\/simonaweber.com\/wp-content\/uploads\/2026\/04\/fluidmaster_7-scaled.avif\" alt=\"\"><\/div><div class=\"carousel-slide\"><img decoding=\"async\" width=\"400\" src=\"https:\/\/simonaweber.com\/wp-content\/uploads\/2026\/04\/fluidmaster_6-scaled.avif\" alt=\"\"><\/div><div class=\"carousel-slide\"><img decoding=\"async\" width=\"400\" src=\"https:\/\/simonaweber.com\/wp-content\/uploads\/2026\/04\/fluidmaster_5-scaled.avif\" alt=\"\"><\/div><\/div>  <\/div><div class=\"carousel-navigation\">\n<button id=\"prevButton\" class=\"carousel-button prev-button\"><svg width=\"24\" height=\"24\" xmlns=\"http:\/\/www.w3.org\/2000\/svg\" fill-rule=\"evenodd\" clip-rule=\"evenodd\"><path d=\"M2.117 12l7.527 6.235-.644.765-9-7.521 9-7.479.645.764-7.529 6.236h21.884v1h-21.883z\"\/><\/svg> <\/button><button id=\"nextButton\" class=\"carousel-button next-button\"><svg width=\"24\" height=\"24\" xmlns=\"http:\/\/www.w3.org\/2000\/svg\" fill-rule=\"evenodd\" clip-rule=\"evenodd\"><path d=\"M21.883 12l-7.527 6.235.644.765 9-7.521-9-7.479-.645.764 7.529 6.236h-21.884v1h21.883z\"\/><\/svg><\/button><\/div>\t\t\t\t<\/div>\n\t\t\t\t<\/div>\n\t\t\t\t<\/div>\n\t\t<div class=\"elementor-element elementor-element-9b94b62 e-flex e-con-boxed e-con e-parent\" data-id=\"9b94b62\" data-element_type=\"container\" data-e-type=\"container\">\n\t\t\t\t\t<div class=\"e-con-inner\">\n\t\t<div class=\"elementor-element elementor-element-92ad03d e-flex e-con-boxed e-con e-child\" data-id=\"92ad03d\" data-element_type=\"container\" data-e-type=\"container\">\n\t\t\t\t\t<div class=\"e-con-inner\">\n\t\t\t\t<div class=\"elementor-element elementor-element-cd35277 elementor-widget elementor-widget-theme-post-title elementor-page-title elementor-widget-heading\" data-id=\"cd35277\" data-element_type=\"widget\" data-e-type=\"widget\" data-widget_type=\"theme-post-title.default\">\n\t\t\t\t<div class=\"elementor-widget-container\">\n\t\t\t\t\t<h1 class=\"elementor-heading-title elementor-size-default\">Tovarna Fluidmaster\u00a0<\/h1>\t\t\t\t<\/div>\n\t\t\t\t<\/div>\n\t\t\t\t\t<\/div>\n\t\t\t\t<\/div>\n\t\t<div class=\"elementor-element elementor-element-2f04eee e-flex e-con-boxed e-con e-child\" data-id=\"2f04eee\" data-element_type=\"container\" data-e-type=\"container\">\n\t\t\t\t\t<div class=\"e-con-inner\">\n\t\t<div class=\"elementor-element elementor-element-679cb90 e-flex e-con-boxed e-con e-child\" data-id=\"679cb90\" data-element_type=\"container\" data-e-type=\"container\">\n\t\t\t\t\t<div class=\"e-con-inner\">\n\t\t\t\t<div class=\"elementor-element elementor-element-eb28af4 project-text project-text-toggle elementor-widget elementor-widget-theme-post-content\" data-id=\"eb28af4\" data-element_type=\"widget\" data-e-type=\"widget\" data-widget_type=\"theme-post-content.default\">\n\t\t\t\t<div class=\"elementor-widget-container\">\n\t\t\t\t\t\n<p>Nova tovarna Fluidmaster je ume\u0161\u010dena v Gospodarsko cono v Prestranku, na degradirano obmo\u010dje biv\u0161e tovarne JAVOR, med \u017eeleznico in glavno dr\u017eavno cesto Postojna &#8211; Pivka. Projekt je sad dela \u0161estih let uspe\u0161nega razvoja in sodelovanja pri na\u010drtovanju Evropske izpostave za Ameri\u0161ko podjetje Fluidmaster, ki se ukvarja s proizvodnjo in skladi\u0161\u010denjem gotovih izdelkov iz plastike. Projekt vklju\u010duje industrijski kompleks velikih dimenzij (ca 121 m x 113 m), prete\u017eno enoeta\u017enega proizvodno-skladi\u0161\u010dnega dela, s prostori za delavce in pisarnami za upravo, ki so urejene v treh eta\u017eah, v neposredni bli\u017eini. Konstrukcija objekta je monta\u017ena, armirano betonska, z ravno streho in fasado iz toplotno izolacijskih fasadnih sendvi\u010d panelov. Zunanja ureditev je zaradi naravnega nagiba terena zahtevna in je na\u010drtovana, z lo\u010denimi uvozi za dostop do parkiri\u0161\u010da zaposlenih, oz. z dostopno cesto za tovorna vozila do manipulativnih povr\u0161in logistike. Za tovarno se je predhodno izdelalo Ob\u010dinski podrobni prostorski na\u010drt Ob\u010dine Postojna (OPPN).&nbsp;<\/p>\n\n\n\n<p><\/p>\n\t\t\t\t<\/div>\n\t\t\t\t<\/div>\n\t\t\t\t<div class=\"elementor-element elementor-element-ffef87f elementor-widget elementor-widget-html\" data-id=\"ffef87f\" data-element_type=\"widget\" data-e-type=\"widget\" data-widget_type=\"html.default\">\n\t\t\t\t<div class=\"elementor-widget-container\">\n\t\t\t\t\t<button onclick=\"openproject(this)\" style=\"color:#000;border:0; margin:0; padding:0;\" class=\"btn-project\">ve\u010d<\/button>\n\n<script>\n\n    function openproject(e) {\n        e.parentNode.parentNode.parentNode.children[0].classList.toggle(\"project-text-toggle\");\n\n        console.log(\"alter\" +e.parentNode.parentNode.parentNode.children[0].children[0].classList);\n    }\n<\/script>\t\t\t\t<\/div>\n\t\t\t\t<\/div>\n\t\t\t\t\t<\/div>\n\t\t\t\t<\/div>\n\t\t<div class=\"elementor-element elementor-element-d967f8f e-flex e-con-boxed e-con e-child\" data-id=\"d967f8f\" data-element_type=\"container\" data-e-type=\"container\">\n\t\t\t\t\t<div class=\"e-con-inner\">\n\t\t\t\t<div class=\"elementor-element elementor-element-bd74565 elementor-widget elementor-widget-text-editor\" data-id=\"bd74565\" data-element_type=\"widget\" data-e-type=\"widget\" data-widget_type=\"text-editor.default\">\n\t\t\t\t<div class=\"elementor-widget-container\">\n\t\t\t\t\t\t\t\t\t<p>Investitor: AVATAR SISTEMI d.o.o. \/Fluidmaster Slovenija d.o.o.<br \/>\nProjektant: HIS d.o.o.<br \/>\nProjekt: Predhodne urbanisti\u010dne \u0161tudije, projektna dokumentacija IDZ, DGD, svetovalni in\u017eeniring s pridobitvijo gradbenega dovoljenja<br \/>\nVelikost obmo\u010dja: 2,9 ha<br \/>\nUporabna velikost objekta: 13.119 m\u00b2<br \/>\nLeto izgradnje: 2025<\/p>\n\t\t\t\t\t\t\t\t<\/div>\n\t\t\t\t<\/div>\n\t\t\t\t\t<\/div>\n\t\t\t\t<\/div>\n\t\t\t\t\t<\/div>\n\t\t\t\t<\/div>\n\t\t\t\t\t<\/div>\n\t\t\t\t<\/div>\n\t\t<div class=\"elementor-element elementor-element-7acb7b9 e-flex e-con-boxed e-con e-parent\" data-id=\"7acb7b9\" data-element_type=\"container\" data-e-type=\"container\">\n\t\t\t\t\t<div class=\"e-con-inner\">\n\t\t\t\t\t<\/div>\n\t\t\t\t<\/div>\n\t\t\t\t<\/div>\n\t\t\t\t<\/div>\n\t\t\n\t\t\t\t<div class=\"e-load-more-anchor\" data-page=\"1\" data-max-page=\"14\" data-next-page=\"https:\/\/simonaweber.com\/en\/wp-json\/wp\/v2\/pages\/100\/page\/2\/\"><\/div>\n\t\t\t\t<div class=\"e-load-more-message\"><\/div>\n\t\t\t\t\t\t<\/div>\n\t\t\t\t<\/div>\n\t\t\t\t<\/div>\n\t\t\t\t<\/div>\n\t\t","protected":false},"excerpt":{"rendered":"","protected":false},"author":1,"featured_media":0,"parent":0,"menu_order":0,"comment_status":"closed","ping_status":"closed","template":"","meta":{"_acf_changed":false,"footnotes":""},"class_list":["post-100","page","type-page","status-publish","hentry"],"acf":[],"_links":{"self":[{"href":"https:\/\/simonaweber.com\/en\/wp-json\/wp\/v2\/pages\/100","targetHints":{"allow":["GET"]}}],"collection":[{"href":"https:\/\/simonaweber.com\/en\/wp-json\/wp\/v2\/pages"}],"about":[{"href":"https:\/\/simonaweber.com\/en\/wp-json\/wp\/v2\/types\/page"}],"author":[{"embeddable":true,"href":"https:\/\/simonaweber.com\/en\/wp-json\/wp\/v2\/users\/1"}],"replies":[{"embeddable":true,"href":"https:\/\/simonaweber.com\/en\/wp-json\/wp\/v2\/comments?post=100"}],"version-history":[{"count":133,"href":"https:\/\/simonaweber.com\/en\/wp-json\/wp\/v2\/pages\/100\/revisions"}],"predecessor-version":[{"id":1014,"href":"https:\/\/simonaweber.com\/en\/wp-json\/wp\/v2\/pages\/100\/revisions\/1014"}],"wp:attachment":[{"href":"https:\/\/simonaweber.com\/en\/wp-json\/wp\/v2\/media?parent=100"}],"curies":[{"name":"wp","href":"https:\/\/api.w.org\/{rel}","templated":true}]}}